{"id":1359,"date":"2019-07-24T08:58:42","date_gmt":"2019-07-24T06:58:42","guid":{"rendered":"https:\/\/beispielwebsite.das-ppoe.at\/?page_id=1359"},"modified":"2025-10-27T13:06:31","modified_gmt":"2025-10-27T13:06:31","slug":"downloads","status":"publish","type":"page","link":"https:\/\/klagenfurt5.at\/wp\/downloads\/","title":{"rendered":"Downloads"},"content":{"rendered":"\t\t<div data-elementor-type=\"wp-post\" data-elementor-id=\"1359\" class=\"elementor elementor-1359\">\n\t\t\t\t\t\t<section class=\"elementor-section elementor-top-section elementor-element elementor-element-5180898 elementor-section-boxed elementor-section-height-default elementor-section-height-default\" data-id=\"5180898\" data-element_type=\"section\">\n\t\t\t\t\t\t<div class=\"elementor-container elementor-column-gap-default\">\n\t\t\t\t\t<div class=\"elementor-column elementor-col-100 elementor-top-column elementor-element elementor-element-300d34f\" data-id=\"300d34f\" data-element_type=\"column\">\n\t\t\t<div class=\"elementor-widget-wrap elementor-element-populated\">\n\t\t\t\t\t\t<div class=\"elementor-element elementor-element-a0c33b8 elementor-widget elementor-widget-heading\" data-id=\"a0c33b8\" data-element_type=\"widget\" data-widget_type=\"heading.default\">\n\t\t\t\t<div class=\"elementor-widget-container\">\n\t\t\t\t\t<h1 class=\"elementor-heading-title elementor-size-default\">Downloads<\/h1>\t\t\t\t<\/div>\n\t\t\t\t<\/div>\n\t\t\t\t\t<\/div>\n\t\t<\/div>\n\t\t\t\t\t<\/div>\n\t\t<\/section>\n\t\t\t\t<section class=\"elementor-section elementor-top-section elementor-element elementor-element-bec132e elementor-section-boxed elementor-section-height-default elementor-section-height-default\" data-id=\"bec132e\" data-element_type=\"section\">\n\t\t\t\t\t\t<div class=\"elementor-container elementor-column-gap-default\">\n\t\t\t\t\t<div class=\"elementor-column elementor-col-100 elementor-top-column elementor-element elementor-element-4cce180\" data-id=\"4cce180\" data-element_type=\"column\">\n\t\t\t<div class=\"elementor-widget-wrap elementor-element-populated\">\n\t\t\t\t\t\t<div class=\"elementor-element elementor-element-ffdf58c elementor-tabs-view-horizontal elementor-widget elementor-widget-tabs\" data-id=\"ffdf58c\" data-element_type=\"widget\" data-widget_type=\"tabs.default\">\n\t\t\t\t<div class=\"elementor-widget-container\">\n\t\t\t\t\t\t\t<div class=\"elementor-tabs\">\n\t\t\t<div class=\"elementor-tabs-wrapper\" role=\"tablist\" >\n\t\t\t\t\t\t\t\t\t<div id=\"elementor-tab-title-2681\" class=\"elementor-tab-title elementor-tab-desktop-title\" aria-selected=\"true\" data-tab=\"1\" role=\"tab\" tabindex=\"0\" aria-controls=\"elementor-tab-content-2681\" aria-expanded=\"false\">Allgemein<\/div>\n\t\t\t\t\t\t\t\t\t<div id=\"elementor-tab-title-2682\" class=\"elementor-tab-title elementor-tab-desktop-title\" aria-selected=\"false\" data-tab=\"2\" role=\"tab\" tabindex=\"-1\" aria-controls=\"elementor-tab-content-2682\" aria-expanded=\"false\">WiW\u00f6<\/div>\n\t\t\t\t\t\t\t\t\t<div id=\"elementor-tab-title-2683\" class=\"elementor-tab-title elementor-tab-desktop-title\" aria-selected=\"false\" data-tab=\"3\" role=\"tab\" tabindex=\"-1\" aria-controls=\"elementor-tab-content-2683\" aria-expanded=\"false\">GuSp<\/div>\n\t\t\t\t\t\t\t\t\t<div id=\"elementor-tab-title-2684\" class=\"elementor-tab-title elementor-tab-desktop-title\" aria-selected=\"false\" data-tab=\"4\" role=\"tab\" tabindex=\"-1\" aria-controls=\"elementor-tab-content-2684\" aria-expanded=\"false\">CaEx<\/div>\n\t\t\t\t\t\t\t\t\t<div id=\"elementor-tab-title-2685\" class=\"elementor-tab-title elementor-tab-desktop-title\" aria-selected=\"false\" data-tab=\"5\" role=\"tab\" tabindex=\"-1\" aria-controls=\"elementor-tab-content-2685\" aria-expanded=\"false\">RaRo<\/div>\n\t\t\t\t\t\t\t<\/div>\n\t\t\t<div class=\"elementor-tabs-content-wrapper\" role=\"tablist\" aria-orientation=\"vertical\">\n\t\t\t\t\t\t\t\t\t<div class=\"elementor-tab-title elementor-tab-mobile-title\" aria-selected=\"true\" data-tab=\"1\" role=\"tab\" tabindex=\"0\" aria-controls=\"elementor-tab-content-2681\" aria-expanded=\"false\">Allgemein<\/div>\n\t\t\t\t\t<div id=\"elementor-tab-content-2681\" class=\"elementor-tab-content elementor-clearfix\" data-tab=\"1\" role=\"tabpanel\" aria-labelledby=\"elementor-tab-title-2681\" tabindex=\"0\" hidden=\"false\"><h2>Mitgliedsanmeldung<\/h2><p><a href=\"https:\/\/klagenfurt5.at\/wp\/wp-content\/uploads\/2025\/10\/Anmeldung_Pfadfinder_K5.pdf\" target=\"_blank\" rel=\"noopener\">Anmeldeformular<\/a>\u00a0<\/p><h2>Preisliste und Gr\u00f6\u00dfentabelle<\/h2><p>Damit wir als Pfadfinder*innen, aber auch als Teil der Gruppe Klagenfurt 5 nach au\u00dfen erkennbar sind, gibt es bei uns die M\u00f6glichkeit, Gruppenbekleidung, Uniformen, Gruppent\u00fccher und Halstuchknoten zu bestellen. Um sich weiterzuentwickeln, gibt es auch altersgerechte B\u00fccher und Arbeitsbehelfe. Diese Ausr\u00fcstung kann entweder direkt bei uns erworben werden, oder wir organisieren eine Sammelbestellung im <a href=\"https:\/\/burghemden.at\/index.php?option=com_cds_shop&amp;view=ViewProdukte&amp;cID=39:Scout-Shop&amp;Itemid=131\" target=\"_blank\" rel=\"noopener\">Scout-Shop<\/a>.<\/p><p><a href=\"https:\/\/www.klagenfurt5.at\/wp\/wp-content\/uploads\/2022\/04\/Preisliste.pdf\" target=\"_blank\" rel=\"noopener\">Preisliste<\/a><br \/><a href=\"https:\/\/www.klagenfurt5.at\/wp\/wp-content\/uploads\/2022\/04\/Groessentabellen_ScoutShop.pdf\" target=\"_blank\" rel=\"noopener\">Gr\u00f6\u00dfentabelle der Uniformen<\/a><\/p><\/div>\n\t\t\t\t\t\t\t\t\t<div class=\"elementor-tab-title elementor-tab-mobile-title\" aria-selected=\"false\" data-tab=\"2\" role=\"tab\" tabindex=\"-1\" aria-controls=\"elementor-tab-content-2682\" aria-expanded=\"false\">WiW\u00f6<\/div>\n\t\t\t\t\t<div id=\"elementor-tab-content-2682\" class=\"elementor-tab-content elementor-clearfix\" data-tab=\"2\" role=\"tabpanel\" aria-labelledby=\"elementor-tab-title-2682\" tabindex=\"0\" hidden=\"hidden\"><ul><li><a href=\"https:\/\/www.klagenfurt5.at\/wp\/wp-content\/uploads\/2022\/04\/Ausruestungsliste-WiWoe.pdf\" target=\"_blank\" rel=\"noopener\">Ausr\u00fcstungsliste<\/a><\/li><\/ul><h2>Pfingstlager 2026<\/h2><ul><li>Anmeldung folgt<\/li><li><a href=\"http:\/\/techuana.at\/d_anreise.htm\" target=\"_blank\" rel=\"noopener\">Wegbeschreibung<\/a><\/li><\/ul><h2>Sommerlager 2026<\/h2><ul><li>Anmeldung folgt<\/li><\/ul><h2>Bekleidung \u2013 Aufn\u00e4hen der Abzeichen<\/h2><p>Die verschiedenen Abzeichen werden in ganz K\u00e4rnten in einheitlicher Art am WiW\u00f6-T-Shirt getragen.<br \/><a href=\"https:\/\/www.klagenfurt5.at\/wp\/wp-content\/uploads\/2022\/04\/Bekleidung-WiWoe.pdf\" target=\"_blank\" rel=\"noopener\">Anleitung zum Aufn\u00e4hen<\/a><\/p><\/div>\n\t\t\t\t\t\t\t\t\t<div class=\"elementor-tab-title elementor-tab-mobile-title\" aria-selected=\"false\" data-tab=\"3\" role=\"tab\" tabindex=\"-1\" aria-controls=\"elementor-tab-content-2683\" aria-expanded=\"false\">GuSp<\/div>\n\t\t\t\t\t<div id=\"elementor-tab-content-2683\" class=\"elementor-tab-content elementor-clearfix\" data-tab=\"3\" role=\"tabpanel\" aria-labelledby=\"elementor-tab-title-2683\" tabindex=\"0\" hidden=\"hidden\"><ul><li><a href=\"https:\/\/www.klagenfurt5.at\/wp\/wp-content\/uploads\/2022\/05\/Ausruestungsliste.pdf\" target=\"_blank\" rel=\"noopener\">Ausr\u00fcstungsliste<\/a><\/li><\/ul><h2>Pfingstlager 2026<\/h2><ul><li>Anmeldung folgt<\/li><li><a href=\"http:\/\/techuana.at\/d_anreise.htm\" target=\"_blank\" rel=\"noopener\">Wegbeschreibung<\/a><\/li><\/ul><h2>Sommerlager 2026<\/h2><ul><li>Anmeldung<\/li><\/ul><\/div>\n\t\t\t\t\t\t\t\t\t<div class=\"elementor-tab-title elementor-tab-mobile-title\" aria-selected=\"false\" data-tab=\"4\" role=\"tab\" tabindex=\"-1\" aria-controls=\"elementor-tab-content-2684\" aria-expanded=\"false\">CaEx<\/div>\n\t\t\t\t\t<div id=\"elementor-tab-content-2684\" class=\"elementor-tab-content elementor-clearfix\" data-tab=\"4\" role=\"tabpanel\" aria-labelledby=\"elementor-tab-title-2684\" tabindex=\"0\" hidden=\"hidden\"><h2>Pfingstlager 2026<\/h2><ul><li>Anmeldung folgt<\/li><\/ul><h2>Sommerlager 2026<\/h2><ul><li>Anmeldung folgt<\/li><\/ul><\/div>\n\t\t\t\t\t\t\t\t\t<div class=\"elementor-tab-title elementor-tab-mobile-title\" aria-selected=\"false\" data-tab=\"5\" role=\"tab\" tabindex=\"-1\" aria-controls=\"elementor-tab-content-2685\" aria-expanded=\"false\">RaRo<\/div>\n\t\t\t\t\t<div id=\"elementor-tab-content-2685\" class=\"elementor-tab-content elementor-clearfix\" data-tab=\"5\" role=\"tabpanel\" aria-labelledby=\"elementor-tab-title-2685\" tabindex=\"0\" hidden=\"hidden\"><h2>Pfingstlager 2026<\/h2><ul><li>Anmeldung folgt<\/li><\/ul><h2>Sommerlager 2026<\/h2><ul><li>Anmeldung folgt<\/li><\/ul><\/div>\n\t\t\t\t\t\t\t<\/div>\n\t\t<\/div>\n\t\t\t\t\t\t<\/div>\n\t\t\t\t<\/div>\n\t\t\t\t\t<\/div>\n\t\t<\/div>\n\t\t\t\t\t<\/div>\n\t\t<\/section>\n\t\t\t\t<\/div>\n\t\t","protected":false},"excerpt":{"rendered":"<p>Downloads Allgemein WiW\u00f6 GuSp CaEx RaRo Allgemein Mitgliedsanmeldung Anmeldeformular\u00a0 Preisliste und Gr\u00f6\u00dfentabelle Damit wir als Pfadfinder*innen, aber auch als Teil der Gruppe Klagenfurt 5 nach au\u00dfen erkennbar sind, gibt es bei uns die M\u00f6glichkeit, Gruppenbekleidung, Uniformen, Gruppent\u00fccher und Halstuchknoten zu bestellen. Um sich weiterzuentwickeln, gibt es auch altersgerechte B\u00fccher und Arbeitsbehelfe. Diese Ausr\u00fcstung kann entweder [&hellip;]<\/p>\n","protected":false},"author":3,"featured_media":0,"parent":0,"menu_order":2,"comment_status":"closed","ping_status":"closed","template":"elementor_header_footer","meta":{"ocean_post_layout":"full-screen","ocean_both_sidebars_style":"","ocean_both_sidebars_content_width":0,"ocean_both_sidebars_sidebars_width":0,"ocean_sidebar":"0","ocean_second_sidebar":"0","ocean_disable_margins":"enable","ocean_add_body_class":"","ocean_shortcode_before_top_bar":"","ocean_shortcode_after_top_bar":"","ocean_shortcode_before_header":"","ocean_shortcode_after_header":"","ocean_has_shortcode":"","ocean_shortcode_after_title":"","ocean_shortcode_before_footer_widgets":"","ocean_shortcode_after_footer_widgets":"","ocean_shortcode_before_footer_bottom":"","ocean_shortcode_after_footer_bottom":"","ocean_display_top_bar":"default","ocean_display_header":"default","ocean_header_style":"","ocean_center_header_left_menu":"0","ocean_custom_header_template":"0","ocean_custom_logo":0,"ocean_custom_retina_logo":0,"ocean_custom_logo_max_width":0,"ocean_custom_logo_tablet_max_width":0,"ocean_custom_logo_mobile_max_width":0,"ocean_custom_logo_max_height":0,"ocean_custom_logo_tablet_max_height":0,"ocean_custom_logo_mobile_max_height":0,"ocean_header_custom_menu":"0","ocean_menu_typo_font_family":"0","ocean_menu_typo_font_subset":"","ocean_menu_typo_font_size":0,"ocean_menu_typo_font_size_tablet":0,"ocean_menu_typo_font_size_mobile":0,"ocean_menu_typo_font_size_unit":"px","ocean_menu_typo_font_weight":"","ocean_menu_typo_font_weight_tablet":"","ocean_menu_typo_font_weight_mobile":"","ocean_menu_typo_transform":"","ocean_menu_typo_transform_tablet":"","ocean_menu_typo_transform_mobile":"","ocean_menu_typo_line_height":0,"ocean_menu_typo_line_height_tablet":0,"ocean_menu_typo_line_height_mobile":0,"ocean_menu_typo_line_height_unit":"","ocean_menu_typo_spacing":0,"ocean_menu_typo_spacing_tablet":0,"ocean_menu_typo_spacing_mobile":0,"ocean_menu_typo_spacing_unit":"","ocean_menu_link_color":"","ocean_menu_link_color_hover":"","ocean_menu_link_color_active":"","ocean_menu_link_background":"","ocean_menu_link_hover_background":"","ocean_menu_link_active_background":"","ocean_menu_social_links_bg":"","ocean_menu_social_hover_links_bg":"","ocean_menu_social_links_color":"","ocean_menu_social_hover_links_color":"","ocean_disable_title":"default","ocean_disable_heading":"on","ocean_post_title":"","ocean_post_subheading":"","ocean_post_title_style":"","ocean_post_title_background_color":"","ocean_post_title_background":0,"ocean_post_title_bg_image_position":"","ocean_post_title_bg_image_attachment":"","ocean_post_title_bg_image_repeat":"","ocean_post_title_bg_image_size":"","ocean_post_title_height":0,"ocean_post_title_bg_overlay":0.5,"ocean_post_title_bg_overlay_color":"","ocean_disable_breadcrumbs":"default","ocean_breadcrumbs_color":"","ocean_breadcrumbs_separator_color":"","ocean_breadcrumbs_links_color":"","ocean_breadcrumbs_links_hover_color":"","ocean_display_footer_widgets":"default","ocean_display_footer_bottom":"default","ocean_custom_footer_template":"0","footnotes":""},"class_list":["post-1359","page","type-page","status-publish","hentry","entry"],"_links":{"self":[{"href":"https:\/\/klagenfurt5.at\/wp\/wp-json\/wp\/v2\/pages\/1359","targetHints":{"allow":["GET"]}}],"collection":[{"href":"https:\/\/klagenfurt5.at\/wp\/wp-json\/wp\/v2\/pages"}],"about":[{"href":"https:\/\/klagenfurt5.at\/wp\/wp-json\/wp\/v2\/types\/page"}],"author":[{"embeddable":true,"href":"https:\/\/klagenfurt5.at\/wp\/wp-json\/wp\/v2\/users\/3"}],"replies":[{"embeddable":true,"href":"https:\/\/klagenfurt5.at\/wp\/wp-json\/wp\/v2\/comments?post=1359"}],"version-history":[{"count":90,"href":"https:\/\/klagenfurt5.at\/wp\/wp-json\/wp\/v2\/pages\/1359\/revisions"}],"predecessor-version":[{"id":5329,"href":"https:\/\/klagenfurt5.at\/wp\/wp-json\/wp\/v2\/pages\/1359\/revisions\/5329"}],"wp:attachment":[{"href":"https:\/\/klagenfurt5.at\/wp\/wp-json\/wp\/v2\/media?parent=1359"}],"curies":[{"name":"wp","href":"https:\/\/api.w.org\/{rel}","templated":true}]}}